{"id":1828,"date":"2012-01-18T11:49:46","date_gmt":"2012-01-18T11:49:46","guid":{"rendered":"https:\/\/testwww.bareboutique.ca\/?product=vacances-naturistes-en-europe-guide-2012"},"modified":"2023-07-18T12:33:20","modified_gmt":"2023-07-18T16:33:20","slug":"vacances-naturistes-en-europe-guide-2012","status":"publish","type":"product","link":"https:\/\/www.bareboutique.ca\/en\/product\/vacances-naturistes-en-europe-guide-2012\/","title":{"rendered":"Vacances Naturistes en Europe &#8211; Guide 2012"},"content":{"rendered":"<div style=\"text-align: center;\"><b>This is the French edition.<br \/><a href=\"index.php?main_page=product_info&#038;cPath=69_23&#038;products_id=235\">Click here for the English Edition<\/a>.<\/b><\/div>\n<div><\/div>\n<div>288 pages, 529 destinations, 23 pays<\/div>\n<div><\/div>\n<div>C\u2019est le guide le plus complet de la presse naturiste, le seul qui r\u00e9pertorie chaque ann\u00e9e de fa\u00e7on pointue tous les services de tous les campings naturistes afin de vous permettre de b\u00e9n\u00e9ficier du temps n\u00e9cessaire pour tout comparer avant de vous d\u00e9cider.<\/div>\n<div><\/div>\n<div>V\u00e9ritable compagnon de l&#8217;organisation de vos s\u00e9jours.<\/div>\n<div>&nbsp;<\/div>\n<div>Qualit\u00e9, bien-\u00eatre et convivialit\u00e9\u00a0au coeur de la nature<\/div>\n<div>\n<ul>\n<li>Les Centres<\/li>\n<li>Les campings associatifs<\/li>\n<li>Les &quot;haltes\u201d<\/li>\n<li>Les g\u00eetes et chambres d&#8217;h\u00f4tes<\/li>\n<li>Les r\u00e9sidences h\u00f4teli\u00e8res<\/li>\n<li>Les plages<\/li>\n<\/ul>\n<p>Publi\u00e9 par le magazine\u00a0<i>La vie au soleil<\/i>, le titre embl\u00e9matique de la presse naturiste depuis 1949.<\/div>\n<div><\/div>\n","protected":false},"excerpt":{"rendered":"<p>This is the French edition.Click here for the English Edition. 288 pages, 529 destinations, 23 pays C\u2019est le guide le plus complet de la presse naturiste, le seul qui r\u00e9pertorie chaque ann\u00e9e de fa\u00e7on pointue tous les services de tous les campings naturistes afin de vous permettre de b\u00e9n\u00e9ficier du temps n\u00e9cessaire pour tout comparer [&hellip;]<\/p>\n","protected":false},"featured_media":1838,"comment_status":"open","ping_status":"closed","template":"","meta":[],"product_brand":[],"product_cat":[398],"product_tag":[],"class_list":{"0":"post-1828","1":"product","2":"type-product","3":"status-publish","4":"has-post-thumbnail","6":"product_cat-books-french","8":"first","9":"outofstock","10":"taxable","11":"shipping-taxable","12":"purchasable","13":"product-type-simple"},"jetpack_sharing_enabled":true,"_links":{"self":[{"href":"https:\/\/www.bareboutique.ca\/en\/wp-json\/wp\/v2\/product\/1828","targetHints":{"allow":["GET"]}}],"collection":[{"href":"https:\/\/www.bareboutique.ca\/en\/wp-json\/wp\/v2\/product"}],"about":[{"href":"https:\/\/www.bareboutique.ca\/en\/wp-json\/wp\/v2\/types\/product"}],"replies":[{"embeddable":true,"href":"https:\/\/www.bareboutique.ca\/en\/wp-json\/wp\/v2\/comments?post=1828"}],"wp:featuredmedia":[{"embeddable":true,"href":"https:\/\/www.bareboutique.ca\/en\/wp-json\/wp\/v2\/media\/1838"}],"wp:attachment":[{"href":"https:\/\/www.bareboutique.ca\/en\/wp-json\/wp\/v2\/media?parent=1828"}],"wp:term":[{"taxonomy":"product_brand","embeddable":true,"href":"https:\/\/www.bareboutique.ca\/en\/wp-json\/wp\/v2\/product_brand?post=1828"},{"taxonomy":"product_cat","embeddable":true,"href":"https:\/\/www.bareboutique.ca\/en\/wp-json\/wp\/v2\/product_cat?post=1828"},{"taxonomy":"product_tag","embeddable":true,"href":"https:\/\/www.bareboutique.ca\/en\/wp-json\/wp\/v2\/product_tag?post=1828"}],"curies":[{"name":"wp","href":"https:\/\/api.w.org\/{rel}","templated":true}]}}