{"id":2428,"date":"2014-02-14T10:51:21","date_gmt":"2014-02-14T15:51:21","guid":{"rendered":"https:\/\/testwww.bareboutique.ca\/?product=tous-a-poil-translation-everybody-naked"},"modified":"2023-08-29T13:55:30","modified_gmt":"2023-08-29T17:55:30","slug":"tous-a-poil-translation-everybody-naked","status":"publish","type":"product","link":"https:\/\/www.bareboutique.ca\/en\/product\/tous-a-poil-translation-everybody-naked\/","title":{"rendered":"Tous \u00e0 poil ! (Translation: Everybody naked!)"},"content":{"rendered":"<div>Claire Franek &#8211; Marc Daniau (ill.)<\/div>\n<div>Publisher: Rouergue<\/div>\n<div>22cm x 22cm<\/div>\n<div>40 pages<\/div>\n<div><\/div>\n<div>The book that was condemned in France par the president of the UMP party, Jean-Fran\u00e7ois Cop\u00e9. The\u00a0<i>Union pour un Mouvement Populaire <\/i>(Union for a Popular Movement) is a right of centre political party.\u00a0Nicolas Sarkozy, former president of France, is from the UMP.\u00a0<\/div>\n<div><\/div>\n<div><img data-recalc-dims=\"1\" decoding=\"async\" src=\"https:\/\/i0.wp.com\/www.bareboutique.ca\/wp-content\/uploads\/images\/tous-a-poil-3.jpg?w=200&#038;ssl=1\" alt=\"Tous \u00e0 poil interior page\"  align=\"right\" border=\"0\" hspace=\"10\" vspace=\"10\" \/>French summary:<\/div>\n<div><\/div>\n<div>Mais \u00e0 quoi se pr\u00e9parent donc ces gens affair\u00e9s ?<\/div>\n<div>\u00c0 se d\u00e9shabiller ! Du b\u00e9b\u00e9 potel\u00e9 aux voisins bruyants, de la mamie qui prend son temps au docteur un peu empot\u00e9, tous laissent joyeusement tomber leurs v\u00eatements pour r\u00e9pondre au m\u00eame appel, l\u2019appel de la mer.<\/div>\n<div><\/div>\n<div>English translation of the summary:<\/div>\n<div><\/div>\n<div>What are these busy people getting ready for?<\/div>\n<div>To get undressed! From a chubby baby to noisy neighbours, from a grandma who takes her time with an awkward doctor, all happily drop their clothes for the same reason, the call of the sea.<\/div>\n<div><\/div>\n","protected":false},"excerpt":{"rendered":"<p>Claire Franek &#8211; Marc Daniau (ill.) Publisher: Rouergue 22cm x 22cm 40 pages The book that was condemned in France par the president of the UMP party, Jean-Fran\u00e7ois Cop\u00e9. The\u00a0Union pour un Mouvement Populaire (Union for a Popular Movement) is a right of centre political party.\u00a0Nicolas Sarkozy, former president of France, is from the UMP.\u00a0 [&hellip;]<\/p>\n","protected":false},"featured_media":2438,"comment_status":"open","ping_status":"closed","template":"","meta":[],"product_brand":[],"product_cat":[398],"product_tag":[],"class_list":{"0":"post-2428","1":"product","2":"type-product","3":"status-publish","4":"has-post-thumbnail","6":"product_cat-books-french","8":"first","9":"instock","10":"taxable","11":"shipping-taxable","12":"purchasable","13":"product-type-simple"},"jetpack_sharing_enabled":true,"_links":{"self":[{"href":"https:\/\/www.bareboutique.ca\/en\/wp-json\/wp\/v2\/product\/2428","targetHints":{"allow":["GET"]}}],"collection":[{"href":"https:\/\/www.bareboutique.ca\/en\/wp-json\/wp\/v2\/product"}],"about":[{"href":"https:\/\/www.bareboutique.ca\/en\/wp-json\/wp\/v2\/types\/product"}],"replies":[{"embeddable":true,"href":"https:\/\/www.bareboutique.ca\/en\/wp-json\/wp\/v2\/comments?post=2428"}],"wp:featuredmedia":[{"embeddable":true,"href":"https:\/\/www.bareboutique.ca\/en\/wp-json\/wp\/v2\/media\/2438"}],"wp:attachment":[{"href":"https:\/\/www.bareboutique.ca\/en\/wp-json\/wp\/v2\/media?parent=2428"}],"wp:term":[{"taxonomy":"product_brand","embeddable":true,"href":"https:\/\/www.bareboutique.ca\/en\/wp-json\/wp\/v2\/product_brand?post=2428"},{"taxonomy":"product_cat","embeddable":true,"href":"https:\/\/www.bareboutique.ca\/en\/wp-json\/wp\/v2\/product_cat?post=2428"},{"taxonomy":"product_tag","embeddable":true,"href":"https:\/\/www.bareboutique.ca\/en\/wp-json\/wp\/v2\/product_tag?post=2428"}],"curies":[{"name":"wp","href":"https:\/\/api.w.org\/{rel}","templated":true}]}}