{"id":2508,"date":"2014-05-14T19:28:00","date_gmt":"2014-05-14T19:28:00","guid":{"rendered":"https:\/\/testwww.bareboutique.ca\/?product=vacances-naturistes-guide-mondial-2014"},"modified":"2023-07-18T12:33:19","modified_gmt":"2023-07-18T16:33:19","slug":"vacances-naturistes-guide-mondial-2014","status":"publish","type":"product","link":"https:\/\/www.bareboutique.ca\/fr\/produit\/vacances-naturistes-guide-mondial-2014\/","title":{"rendered":"Vacances Naturistes &#8211; Guide mondial 2014"},"content":{"rendered":"<div>\n<div style=\"text-align: center;\"><b>This is the French edition.<\/b><\/div>\n<div style=\"text-align: center;\"><a href=\"index.php?main_page=product_info&#038;cPath=69_23&#038;products_id=463\"><b>Click here for the English Edition.<\/b><\/a><\/div>\n<\/div>\n<div><\/div>\n<div style=\"text-align: center;\"><font color=\"#990000\"><b><i>This guide is shipped separately and directly from Europe. The\u00a0<u>shipping costs are included<\/u>\u00a0in the price.<\/i><\/b><\/font><\/div>\n<div><\/div>\n<div>400 PAGES, 42 PAYS, + DE 800 DESTINATIONS<\/div>\n<div><\/div>\n<div>Le guide le plus complet jamais r\u00e9alis\u00e9 \u00e0 ce jour ; con\u00e7u pour informer les naturistes avertis de toutes les possibilit\u00e9s de s\u00e9jours et de loisirs naturistes mais aussi pour inviter \u00e0 \u00ab oser \u00bb tous ceux qui voudraient tenter l\u2019exp\u00e9rience.\u00a0<\/div>\n<div><\/div>\n<div>Le guide mondial 2014, c\u2019est :<\/div>\n<div><\/div>\n<div>Pour le public naturiste<\/div>\n<div>\n<ul>\n<li>Une source d\u2019information exhaustive et unique,<\/li>\n<li>un \u00e9ventail de destinations naturistes,<\/li>\n<li>v\u00e9ritable passeport \u00ab vacances \u00bb, \u00e0 l\u2019int\u00e9rieur des cadeaux et des r\u00e9ductions exclusivement r\u00e9serv\u00e9s aux porteurs du guide (remise sur s\u00e9jour, \u00a0 restaurant offert, cadeau \u00e0 retirer \u00e0 l\u2019accueil, pass bien-\u00eatre offert, etc.)<\/li>\n<\/ul>\n<\/div>\n<div>Pour les f\u00e9d\u00e9rations naturistes<\/div>\n<div>\n<ul>\n<li>Un seul et unique outil pour un dialogue unique, plus de force, plus de reconnaissance,<\/li>\n<li>un outil de communication pour les institutionnels, les m\u00e9dias, etc.<\/li>\n<li>un support m\u00e9diatique de pr\u00e9sentation du naturisme (chiffres, r\u00e9pertoire complet, etc.)<\/li>\n<li>un outil de communication pour l\u2019ensemble des professionnels du tourisme, des loisirs et vacances naturistes.<\/li>\n<\/ul>\n<\/div>\n<div>Edit\u00e9 par La Vie au Soleil, titre leader de la presse naturiste depuis 1949.\u00a0<\/div>\n<div>Guide reconnu et approuv\u00e9 par La F\u00e9d\u00e9ration Naturiste Internationale (FNI\/INF).<\/div>\n<div><\/div>","protected":false},"excerpt":{"rendered":"<p>This is the French edition. Click here for the English Edition. This guide is shipped separately and directly from Europe. The\u00a0shipping costs are included\u00a0in the price. 400 PAGES, 42 PAYS, + DE 800 DESTINATIONS Le guide le plus complet jamais r\u00e9alis\u00e9 \u00e0 ce jour ; con\u00e7u pour informer les naturistes avertis de toutes les possibilit\u00e9s [&hellip;]<\/p>\n","protected":false},"featured_media":2518,"comment_status":"open","ping_status":"closed","template":"","meta":[],"product_brand":[],"product_cat":[398],"product_tag":[],"class_list":{"0":"post-2508","1":"product","2":"type-product","3":"status-publish","4":"has-post-thumbnail","6":"product_cat-books-french","8":"first","9":"outofstock","10":"taxable","11":"shipping-taxable","12":"purchasable","13":"product-type-simple"},"jetpack_sharing_enabled":true,"_links":{"self":[{"href":"https:\/\/www.bareboutique.ca\/fr\/wp-json\/wp\/v2\/product\/2508","targetHints":{"allow":["GET"]}}],"collection":[{"href":"https:\/\/www.bareboutique.ca\/fr\/wp-json\/wp\/v2\/product"}],"about":[{"href":"https:\/\/www.bareboutique.ca\/fr\/wp-json\/wp\/v2\/types\/product"}],"replies":[{"embeddable":true,"href":"https:\/\/www.bareboutique.ca\/fr\/wp-json\/wp\/v2\/comments?post=2508"}],"wp:featuredmedia":[{"embeddable":true,"href":"https:\/\/www.bareboutique.ca\/fr\/wp-json\/wp\/v2\/media\/2518"}],"wp:attachment":[{"href":"https:\/\/www.bareboutique.ca\/fr\/wp-json\/wp\/v2\/media?parent=2508"}],"wp:term":[{"taxonomy":"product_brand","embeddable":true,"href":"https:\/\/www.bareboutique.ca\/fr\/wp-json\/wp\/v2\/product_brand?post=2508"},{"taxonomy":"product_cat","embeddable":true,"href":"https:\/\/www.bareboutique.ca\/fr\/wp-json\/wp\/v2\/product_cat?post=2508"},{"taxonomy":"product_tag","embeddable":true,"href":"https:\/\/www.bareboutique.ca\/fr\/wp-json\/wp\/v2\/product_tag?post=2508"}],"curies":[{"name":"wp","href":"https:\/\/api.w.org\/{rel}","templated":true}]}}